{"id":9,"date":"2025-11-23T10:56:33","date_gmt":"2025-11-23T09:56:33","guid":{"rendered":"https:\/\/milandt.eu\/?page_id=9"},"modified":"2026-04-10T10:19:14","modified_gmt":"2026-04-10T08:19:14","slug":"data-om-navnet","status":"publish","type":"page","link":"https:\/\/milandt.eu\/","title":{"rendered":"Sl\u00e6gtoversigt for familie navnet Milandt\/Miland\/Milland og side grene af sl\u00e6gten."},"content":{"rendered":"<p><span style=\"font-size: 12pt;\">Siden er under opdatering, den indeholder 389 personer og 138 familier, men mangler stadig en del data.<\/span><\/p>\r\n<p><span style=\"font-size: 12pt;\">I menuen sl\u00e6gtsoversigt ses alle personer, og i undermenuer ses de 4 fulgte sl\u00e6gter, ligeledes en generations oversigt og dynamisk oversigt.<br \/>\u00a0 \u00a0 \u00a0 \u00a0 \u00a0 \u00a0____________________________________________________<\/span><\/p>\r\n<p><span style=\"font-size: 12pt;\"><\/span><\/p>\r\n<p class=\"wp-block-paragraph\"><span style=\"font-size: 12pt;\">Jeg har med denne sl\u00e6gts tavle fuldt navnet Miland, Milland, Milandt gennem kirkeb\u00f8ger og rigsarkivet, det er lykkedes at spore navnet tilbage til 1780 hvor det fortaber sig, idet Herman Georg Chr. som var arrestforvarer i Hiller\u00f8d og skulle v\u00e6re Pr\u00f8jsisk soldat, i Kongens tjeneste, ikke kan spores tilbage.<\/span><\/p>\r\n<p><span style=\"font-size: 12pt;\">\r\n\r\n<\/span><\/p>\r\n<p class=\"wp-block-paragraph\"><span style=\"font-size: 12pt;\">\u00c5sagen til de mange stavem\u00e5der for\u00e5rsages af de h\u00e5ndskrevne kirke b\u00f8ger, hvor kordegne og pr\u00e6ster ikke altid havde den mest l\u00e6selige h\u00e5ndskrift.<\/span><\/p>\r\n<p><span style=\"font-size: 12pt;\">\r\n\r\n<\/span><\/p>\r\n<p class=\"wp-block-paragraph\"><span style=\"font-size: 12pt;\"><strong>Om sl\u00e6gten Milandt\/Miland\/Milland mm.<\/strong><\/span><\/p>\r\n<p><span style=\"font-size: 12pt;\"><strong> Hvorfra min sl\u00e6gtopg\u00f8relse stammer.<\/strong><\/span><\/p>\r\n<p><span style=\"font-size: 12pt;\"><strong>Georg Chr. Miland, \u2020 21\u20143\u20141834, 52 Aar gl., i Hiller\u00f8d, link til brev om embede ans\u00f8gning \u00a0 <a href=\"https:\/\/milandt.eu\/wp-content\/uploads\/2025\/11\/ansoggning-som-arrest.pdf\" target=\"_blank\" rel=\"noopener\">Arrestforvarer.<\/a><\/strong><\/span><br \/><span style=\"font-size: 12pt;\"><strong>Var Gift med Jacobine Marie, f. Jacobsen. <\/strong><\/span><br \/><span style=\"font-size: 12pt;\"><strong>Om denne Familie<\/strong><\/span><br \/><span style=\"font-size: 12pt;\"><strong>oplyser Folket\u00e6llingen 1834 i Hiller\u00f8d f\u00f8lgende:<\/strong><\/span><br \/><span style=\"font-size: 12pt;\"><strong>Georg Chr. Miland, 52 Aar, Arrestforvarer.<\/strong><\/span><br \/><span style=\"font-size: 12pt;\"><strong>Jacobine Marie Jacobsen, 31 Aar, hans Kone.<\/strong><\/span><br \/><span style=\"font-size: 12pt;\"><strong>Vilhelmine Georgine Miland, 14 Aar,<\/strong><\/span><br \/><span style=\"font-size: 12pt;\"><strong>Jensine Oline Henriette Miland, 11 Aar,<\/strong><\/span><br \/><span style=\"font-size: 12pt;\"><strong>Marie Frederikke Miland, 10 Aar,<\/strong><\/span><br \/><span style=\"font-size: 12pt;\"><strong>Gusta Emilie Miland, 8 Aar,<\/strong><\/span><br \/><span style=\"font-size: 12pt;\"><strong>Ferdinand Herman Ivar, 5 Aar,<\/strong><\/span><\/p>\r\n<p><span style=\"font-size: 12pt;\"><strong>Skiftet efter Arrestforvareren (if. Hiller\u00f8d Skifteretsprottekol.)<\/strong><\/span><\/p>\r\n<p><span style=\"font-size: 12pt;\">oplyser f\u00f8lgende: 22\u20143\u20141834 indfandt Skifteretten sig i Arrestforvarer Georg<\/span><br \/><span style=\"font-size: 12pt;\">Chr. Milans D\u00f8dsbo. Han d\u00f8de 21\u20143- 1834<\/span><br \/><span style=\"font-size: 12pt;\">Tilstede var Enken Jacobine Marie og B\u00f8rnene<\/span><br \/><span style=\"font-size: 12pt;\">Vilhelmine Georgina, 13 Aar, <\/span><br \/><span style=\"font-size: 12pt;\">Jensine Oline Henriette, 11 Aar, <\/span><br \/><span style=\"font-size: 12pt;\">Marie Frederikke, 8 Aar, <\/span><br \/><span style=\"font-size: 12pt;\">Gusta Emilie, 7 Aar, Ferdinand<\/span><br \/><span style=\"font-size: 12pt;\">Herman, 4 1 \/ 2 Aar (et fattigt Bo).<\/span><\/p>\r\n<p><br \/><span style=\"font-size: 12pt;\"><strong>If. Familiens Opgivelse var sidstn\u00e6vnte Ferdinand Herman Ivar Miland f\u00f8dt 18\u20144\u20141830 i Hiller\u00f8d, \u2020 Sept. 1907 i Helsing\u00f8r. Murer.<\/strong><\/span><br \/><span style=\"font-size: 12pt;\"><strong>Gift med Ane Kirstine Andersdatter (f. 1826 i Blidstrup S., \u2020 8\u201412\u20141898 s. St.).<\/strong><\/span><\/p>\r\n<p><span style=\"font-size: 12pt;\">De havde flere B\u00f8rn, de fleste f\u00f8dte i Blidstrup S.<\/span><br \/><span style=\"font-size: 12pt;\">Det er 4 af disse b\u00f8rn jeg f\u00f8lger, suppleret med info gennem kirkeb\u00f8ger og rigsarkivrt og igen en masse mundlige og skriftlige udsagt. <br \/>Info opdateres l\u00f8bende.<\/span><\/p>\r\n<h4><span style=\"font-size: 12pt;\"><a href=\"https:\/\/mathilde.milandt.eu\/\" target=\"_blank\" rel=\"noopener\">Mathilde Christine Milandt f.1856<\/a><\/span><br \/><span style=\"font-size: 12pt;\"><a href=\"https:\/\/henriette.milandt.eu\/\" target=\"_blank\" rel=\"noopener\">Henriette Johanne Milandt f. 1859<\/a><\/span><br \/><span style=\"font-size: 12pt;\"><a href=\"https:\/\/carl-edvard.milandt.eu\/\" target=\"_blank\" rel=\"noopener\">Carl Edvard Milandt f. 1863<\/a><\/span><br \/><span style=\"font-size: 12pt;\"><a href=\"https:\/\/peter-oluf.milandt.eu\/\" target=\"_blank\" rel=\"noopener\">Peter Oluf Milandt f. 1867<\/a><\/span><br \/><br \/><\/h4>\r\n<h4><span style=\"font-size: 12pt;\">\u00a0 \u00a0 \u00a0\u2014\u2014\u2014\u2014\u2014\u2014\u2014\u2014\u2014\u2014\u2014\u2014\u2014\u2014\u2014\u2014\u2014\u2014\u2014\u2014\u2014\u2014\u2014\u2014\u2014\u2014\u2014\u2014\u2014\u2014<\/span><br \/><span style=\"font-size: 12pt;\">I min unders\u00f8gelse er jeg en del gange st\u00f8dt p\u00e5 en opfattelse\/formodning, som siger at familien skulle v\u00e6re knyttet sammen med familien Milan som er efterkommere Gabriel Milan tidligere guvern\u00f8r over de Vest Indiske \u00d8er, og om hvem <strong><a href=\"https:\/\/milandt.eu\/wp-content\/uploads\/2025\/11\/H.c-Terslin.pdf\">H.C Terslin har skrevet en bog.<\/a><\/strong><\/span><\/h4>\r\n<ul class=\"wp-block-list\"><\/ul>\r\n<p><span style=\"font-size: 12pt;\"><!-- \/wp:post-content -->\r\n\r\n<!-- wp:paragraph --><\/span><\/p>\r\n<p><span style=\"font-size: 12pt;\">Der er imidlertid intet der tyder p\u00e5 det, selv om begge familier i nyere tid stammer fra nordsj\u00e6lland.<\/span><\/p>\r\n<p><span style=\"font-size: 12pt;\"><strong><em>For at be eller afkr\u00e6fte evt. tvivl\u00a0 er her en udarbejdet <a href=\"https:\/\/milan.milandt.eu\" target=\"_blank\" rel=\"noopener\">sl\u00e6gtlinje<\/a><\/em><\/strong><\/span><\/p>\r\n<p><span style=\"font-size: 12pt;\"><!-- \/wp:paragraph -->\r\n\r\n<!-- wp:paragraph \/-->\r\n\r\n<!-- wp:paragraph --><\/span><\/p>\r\n<p><span style=\"font-size: 12pt;\"><strong>Lidt<\/strong> <strong>om \u00f8vrige sl\u00e6gter med lignende navne!<\/strong><\/span><\/p>\r\n<p><span style=\"font-size: 12pt;\">Milan (Meylan, Miland etc),<\/span><br \/><span style=\"font-size: 12pt;\">hvis eventuelle Forbindelse med de foregaaende ikke kan ses.<\/span><br \/><span style=\"font-size: 12pt;\">&#8212;&#8212;&#8212;&#8212;&#8212;&#8212;&#8212;&#8212;&#8212;&#8212;&#8212;&#8212;&#8212;&#8212;&#8212;&#8212;&#8212;&#8212;&#8212;&#8212;&#8212;&#8212;&#8212;&#8212;&#8212;&#8212;-<\/span><br \/><span style=\"font-size: 12pt;\">1707 levede en Isaac Milan, tilh\u00f8rende Handelsstanden, i Hamborg<\/span><br \/><span style=\"font-size: 12pt;\">(Personalhist. Tidsskr. 2. Bd. 1893, S. 103).<\/span><br \/><span style=\"font-size: 12pt;\">De to Br\u00f8dre (om denne Sl\u00e6gt se fr. og tysk reform. Kb. og Christonjesedlerne):<\/span><br \/><span style=\"font-size: 12pt;\">I. Isaac Milan (el. Meilan), Tobaksplant\u00f8r i Roskilde, f. i Farensvol(?),<\/span><br \/><span style=\"font-size: 12pt;\">Brandenburg, \u2020 8\u20142\u20141739, gift med Anne Celler (eller<\/span><br \/><span style=\"font-size: 12pt;\">Duriau). \u2014 B\u00f8rn:<\/span><br \/><span style=\"font-size: 12pt;\">&#8212;&#8212;&#8212;&#8212;&#8212;&#8212;&#8212;&#8212;&#8212;&#8212;&#8212;&#8212;&#8212;&#8212;&#8212;&#8212;&#8212;&#8212;&#8212;&#8212;&#8212;&#8212;&#8212;&#8212;&#8212;&#8211;<\/span><br \/><span style=\"font-size: 12pt;\">1. Anne Meilan, f. i Roskilde 25\u20148\u20141728, dbt. 5\u20149\u20141728<\/span><br \/><span style=\"font-size: 12pt;\">(fransk reform. Kb.). Gudmoder: Anne Cathrine d&#8217;Elbrat (Jacob<\/span><br \/><span style=\"font-size: 12pt;\">Meilans Hustru). Det er vistnok hende, som if. tysk reform.<\/span><br \/><span style=\"font-size: 12pt;\">Kb. 1748 blev gift med Christof Fred Denis.<\/span><br \/><span style=\"font-size: 12pt;\">&#8212;&#8212;&#8212;&#8212;&#8212;&#8212;&#8212;&#8212;&#8212;&#8212;&#8212;&#8212;&#8212;&#8212;&#8212;&#8212;&#8212;&#8212;&#8212;&#8212;&#8212;&#8212;&#8212;&#8212;&#8212;&#8212;<\/span><br \/><span style=\"font-size: 12pt;\">2. Marie Meylan, f. 12\u201410\u20141730 i Roskilde, d\u00f8bt fr. ref. 22\u201410<\/span><br \/><span style=\"font-size: 12pt;\">\u20141730. Farbroder og Gudfader: Jacob Meylan. Gift 16\u20141\u2014<\/span><br \/><span style=\"font-size: 12pt;\">1750 til Parykmager Poul Gregoire Lollier.<\/span><br \/><span style=\"font-size: 12pt;\">&#8212;&#8212;&#8212;&#8212;&#8212;&#8212;&#8212;&#8212;&#8212;&#8212;&#8212;&#8212;&#8212;&#8212;&#8212;&#8212;&#8212;&#8212;&#8212;&#8212;&#8212;&#8212;&#8212;&#8212;&#8212;&#8212;<\/span><br \/><span style=\"font-size: 12pt;\">3. Jeanne Meylan, f. 7\u20145\u20141732. Det er muligt hende, der 1756<\/span><br \/><span style=\"font-size: 12pt;\">kaldes Johanne Meylan og bliver gift med Joh. Henrik Crantz<\/span><br \/><span style=\"font-size: 12pt;\">(tysk ref.).<\/span><br \/><span style=\"font-size: 12pt;\">&#8212;&#8212;&#8212;&#8212;&#8212;&#8212;&#8212;&#8212;&#8212;&#8212;&#8212;&#8212;&#8212;&#8212;&#8212;&#8212;&#8212;&#8212;&#8212;&#8212;&#8212;&#8212;&#8212;&#8212;&#8212;&#8212;<\/span><br \/><span style=\"font-size: 12pt;\">4. Jacob Meilan, f. 15\u20141\u20141734 (el. 15\u201410\u20141733).<\/span><br \/><span style=\"font-size: 12pt;\">&#8212;&#8212;&#8212;&#8212;&#8212;&#8212;&#8212;&#8212;&#8212;&#8212;&#8212;&#8212;&#8212;&#8212;&#8212;&#8212;&#8212;&#8212;&#8212;&#8212;&#8212;&#8212;&#8212;&#8212;&#8212;&#8212;-<\/span><br \/><span style=\"font-size: 12pt;\">5. Susanne Milan, f. 21\u201412\u20141735.<\/span><br \/><span style=\"font-size: 12pt;\">&#8212;&#8212;&#8212;&#8212;&#8212;&#8212;&#8212;&#8212;&#8212;&#8212;&#8212;&#8212;&#8212;&#8212;&#8212;&#8212;&#8212;&#8212;&#8212;&#8212;&#8212;&#8212;&#8212;&#8212;&#8212;&#8212;<\/span><br \/><span style=\"font-size: 12pt;\">6. Abigail Melan, f. 24\u20146\u20141738.<\/span><br \/><span style=\"font-size: 12pt;\">&#8212;&#8212;&#8212;&#8212;&#8212;&#8212;&#8212;&#8212;&#8212;&#8212;&#8212;&#8212;&#8212;&#8212;&#8212;&#8212;&#8212;&#8212;&#8212;&#8212;&#8212;&#8212;&#8212;&#8212;&#8212;&#8212;-<\/span><br \/><span style=\"font-size: 12pt;\">7. Elisabeth Milan, viet 8\u20144\u20141745 til Daniel, S\u00f8n af Isaac Fournaise,<\/span><br \/><span style=\"font-size: 12pt;\">Tobaksplant\u00f8r a StupKeug.<\/span><br \/><span style=\"font-size: 12pt;\">II. Jacob Meylan (el. Milan), f. 1693, \u2020 12\u20143\u20141762, 69 Aar gl., fr.<\/span><br \/><span style=\"font-size: 12pt;\">ref., Tobaksplant\u00f8r i Roskilde. Gift med Anne Cathrine d&#8217;Elbrat<\/span><br \/><span style=\"font-size: 12pt;\">(el. Belbrat), f 22\u201412\u20141762, 75 Aar gl. \u2014 B\u00f8rn:<\/span><br \/><span style=\"font-size: 12pt;\">1. Frederik Meylan, f. 6\u20149\u20141726, \u2020 28\u201410\u20141741, fr. ref.<\/span><br \/><span style=\"font-size: 12pt;\">2. Marie Madeleine Meylan, f. 8\u20148\u20141731, dbt. 12\u20148\u20141731, \u2020<\/span><br \/><span style=\"font-size: 12pt;\">30\u201410\u20141732 fr. ref.<\/span><br \/><span style=\"font-size: 12pt;\">&#8212;&#8212;&#8212;&#8212;&#8212;&#8212;&#8212;&#8212;&#8212;&#8212;&#8212;&#8212;&#8212;&#8212;&#8212;&#8212;&#8212;&#8212;&#8212;&#8212;&#8212;&#8212;&#8212;&#8212;&#8212;&#8212;<\/span><br \/><span style=\"font-size: 12pt;\">Georg Meiland, f. 21\u20142\u20141605 i Saksen. Sognepr. t. Marie K., Helsing\u00f8r,<\/span><br \/><span style=\"font-size: 12pt;\">12\u20142 1637, \u2020 25\u20143\u201451. Skifte efter ham 4\u20149\u201451. Gift med<\/span><br \/><span style=\"font-size: 12pt;\">Enken efter Sognepr. t. Marie K., Th. Lund, Marieke Owe. Ingen B\u00f8rn<\/span><br \/><span style=\"font-size: 12pt;\">(Hostrup Schultz, S. 85).<\/span><br \/><span style=\"font-size: 12pt;\">&#8212;&#8212;&#8212;&#8212;&#8212;&#8212;&#8212;&#8212;&#8212;&#8212;&#8212;&#8212;&#8212;&#8212;&#8212;&#8212;&#8212;&#8212;&#8212;&#8212;&#8212;&#8212;&#8212;&#8212;&#8212;&#8212;<\/span><br \/><span style=\"font-size: 12pt;\">Anna Christine (Kristine) Meiland (Meylandt) var gift med Peder<\/span><br \/><span style=\"font-size: 12pt;\">Olufsen Lundt af Veggerl\u00f8se, der blev kaldet til Pr\u00e6st i Grevinge, Ods<\/span><br \/><span style=\"font-size: 12pt;\">Herred, 21\u20145\u20141712. Han var f\u00f8dt 1\u20146\u20141685, Student fra Nyk\u00f8bing<\/span><br \/><span style=\"font-size: 12pt;\">F. 1706, cand. theol. 1709. De blev gift 1713. A. C. Meiland, f. i<\/span><br \/><span style=\"font-size: 12pt;\">Nyk. F. 1693, \u2020 i Holb\u00e6k 3\u20148\u20141773. I \u00c6gteskabet var 1 Datter.<\/span><br \/><span style=\"font-size: 12pt;\">Lundt \u2020 16\u201412 (el. 14\u201411) 1738). \u2014 \u201eUdi Legems Anseelse var<\/span><br \/><span style=\"font-size: 12pt;\">han sin Formand (Pastor Bhi), lig; i Embede ikke mindre myndig; i L\u00e6rdommen<\/span><br \/><span style=\"font-size: 12pt;\">en god Bondepr\u00e6st, men kunde dog ikke udelukkes af Syndens<\/span><br \/><span style=\"font-size: 12pt;\">Regimente&#8221; (if. Lyder H\u00f8yers Beskrivelse over Grevinge Sogn). \u2014<\/span><br \/><span style=\"font-size: 12pt;\">Efter Wibergs Pr\u00e6stehist. og Ods Hrds. gejstlige Skifteprot. 1733\u2014<\/span><br \/><span style=\"font-size: 12pt;\">67, S. 321.<\/span><br \/><span style=\"font-size: 12pt;\">&#8212;&#8212;&#8212;&#8212;&#8212;&#8212;&#8212;&#8212;&#8212;&#8212;&#8212;&#8212;&#8212;&#8212;&#8212;&#8212;&#8212;&#8212;&#8212;&#8212;&#8212;&#8212;&#8212;&#8212;&#8212;&#8212;<\/span><br \/><span style=\"font-size: 12pt;\">Christopher Milandt, Skr\u00e6dder, 70 Aar, begravet 25\u20142\u20141753 Trinitatis<\/span><br \/><span style=\"font-size: 12pt;\">K., Kbhvn. (if. Lengnick).<\/span><br \/><span style=\"font-size: 12pt;\">&#8212;&#8212;&#8212;&#8212;&#8212;&#8212;&#8212;&#8212;&#8212;&#8212;&#8212;&#8212;&#8212;&#8212;&#8212;&#8212;&#8212;&#8212;&#8212;&#8212;&#8212;&#8212;&#8212;&#8212;&#8212;&#8211;<\/span><br \/><span style=\"font-size: 12pt;\">Josef Milahn (se Copulationsprot., Raadstuen, Kbhvn., 1763\u201483).<\/span><br \/><span style=\"font-size: 12pt;\">&#8212;&#8212;&#8212;&#8212;&#8212;&#8212;&#8212;&#8212;&#8212;&#8212;&#8212;&#8212;&#8212;&#8212;&#8212;&#8212;&#8212;&#8212;&#8212;&#8212;&#8212;&#8212;&#8212;&#8212;&#8212;&#8212;<\/span><br \/><span style=\"font-size: 12pt;\">Heinrich Meilandt, Bager (se Roskilde Bys Regnskab for 1720).<\/span><br \/><span style=\"font-size: 12pt;\">&#8212;&#8212;&#8212;&#8212;&#8212;&#8212;&#8212;&#8212;&#8212;&#8212;&#8212;&#8212;&#8212;&#8212;&#8212;&#8212;&#8212;&#8212;&#8212;&#8212;&#8212;&#8212;&#8212;&#8212;&#8212;&#8212;Nicolaus Meiland fra Holsten (se Kbhvns. Universitets Distinktionsprot.<\/span><br \/><span style=\"font-size: 12pt;\">1764).<\/span><br \/><span style=\"font-size: 12pt;\">&#8212;&#8212;&#8212;&#8212;&#8212;&#8212;&#8212;&#8212;&#8212;&#8212;&#8212;&#8212;&#8212;&#8212;&#8212;&#8212;&#8212;&#8212;&#8212;&#8212;&#8212;&#8212;&#8212;&#8212;&#8212;&#8211;<\/span><br \/><span style=\"font-size: 12pt;\">Jacques Melan, levede 1721 i Fredericia (se H. Matthiessen: Fredericia,<\/span><br \/><span style=\"font-size: 12pt;\">S. 192). Han var fr. reform.<\/span><br \/><span style=\"font-size: 12pt;\">&#8212;&#8212;&#8212;&#8212;&#8212;&#8212;&#8212;&#8212;&#8212;&#8212;&#8212;&#8212;&#8212;&#8212;&#8212;&#8212;&#8212;&#8212;&#8212;&#8212;&#8212;&#8212;&#8212;&#8212;&#8212;&#8212;&#8212;<\/span><br \/><span style=\"font-size: 12pt;\">Peter Meyland, H\u00f8ker, \u2020 16\u201410\u20141824, 44 Aar gl., Frue Kb., K\u00f8benhavn.<\/span><br \/><span style=\"font-size: 12pt;\">&#8212;&#8212;&#8212;&#8212;&#8212;&#8212;&#8212;&#8212;&#8212;&#8212;&#8212;&#8212;&#8212;&#8212;&#8212;&#8212;&#8212;&#8212;&#8212;&#8212;&#8212;&#8212;&#8212;&#8212;&#8212;&#8212;&#8212;<\/span><br \/><span style=\"font-size: 12pt;\">Joseph Pedersen Milandt, Spanier (se Sj\u00e6ll. Reg. 1720, Fol. 324).<\/span><br \/><span style=\"font-size: 12pt;\">&#8212;&#8212;&#8212;&#8212;&#8212;&#8212;&#8212;&#8212;&#8212;&#8212;&#8212;&#8212;&#8212;&#8212;&#8212;&#8212;&#8212;&#8212;&#8212;&#8212;&#8212;&#8212;&#8212;&#8212;&#8212;&#8211;<\/span><\/p>\r\n<p><span style=\"font-size: 12pt;\">Samuel Meilan, viet 3\u20141\u20141744, S\u00f8n af Jacob Meilan og Marie le<\/span><br \/><span style=\"font-size: 12pt;\">Maire (fr. reform.) 1 ). Det er muligt den Samuel Meylan, der 1783 n\u00e6vnes<\/span><br \/><span style=\"font-size: 12pt;\">i Vartov.<\/span><br \/><span style=\"font-size: 12pt;\">1) se Christonjesedlerne.<\/span><\/p>\r\n<!-- \/wp:paragraph -->","protected":false},"excerpt":{"rendered":"<p>Siden er under opdatering, den indeholder 389 personer og 138 familier, men mangler stadig en del data. I menuen sl\u00e6gtsoversigt ses alle personer, og i undermenuer ses de 4 fulgte sl\u00e6gter, ligeledes en generations oversigt og dynamisk oversigt.\u00a0 \u00a0 \u00a0 \u00a0 \u00a0 \u00a0____________________________________________________ Jeg har med denne sl\u00e6gts tavle fuldt navnet Miland, Milland, Milandt gennem &hellip; <\/p>\n<p class=\"link-more\"><a href=\"https:\/\/milandt.eu\/\" class=\"more-link\">L\u00e6s videre<span class=\"screen-reader-text\"> &#8220;Sl\u00e6gtoversigt for familie navnet Milandt\/Miland\/Milland og side grene af sl\u00e6gten.&#8221;<\/span><\/a><\/p>\n","protected":false},"author":1,"featured_media":0,"parent":0,"menu_order":0,"comment_status":"closed","ping_status":"closed","template":"","meta":{"_crdt_document":"","footnotes":""},"class_list":["post-9","page","type-page","status-publish","hentry"],"_links":{"self":[{"href":"https:\/\/milandt.eu\/index.php?rest_route=\/wp\/v2\/pages\/9","targetHints":{"allow":["GET"]}}],"collection":[{"href":"https:\/\/milandt.eu\/index.php?rest_route=\/wp\/v2\/pages"}],"about":[{"href":"https:\/\/milandt.eu\/index.php?rest_route=\/wp\/v2\/types\/page"}],"author":[{"embeddable":true,"href":"https:\/\/milandt.eu\/index.php?rest_route=\/wp\/v2\/users\/1"}],"replies":[{"embeddable":true,"href":"https:\/\/milandt.eu\/index.php?rest_route=%2Fwp%2Fv2%2Fcomments&post=9"}],"version-history":[{"count":73,"href":"https:\/\/milandt.eu\/index.php?rest_route=\/wp\/v2\/pages\/9\/revisions"}],"predecessor-version":[{"id":615,"href":"https:\/\/milandt.eu\/index.php?rest_route=\/wp\/v2\/pages\/9\/revisions\/615"}],"wp:attachment":[{"href":"https:\/\/milandt.eu\/index.php?rest_route=%2Fwp%2Fv2%2Fmedia&parent=9"}],"curies":[{"name":"wp","href":"https:\/\/api.w.org\/{rel}","templated":true}]}}